{"id":23531,"date":"2025-12-06T19:53:18","date_gmt":"2025-12-06T16:53:18","guid":{"rendered":"http:\/\/www.poficik.com\/?post_type=product&#038;p=23531"},"modified":"2025-12-06T19:53:19","modified_gmt":"2025-12-06T16:53:19","slug":"ithal-pelus-gamer-orumcek","status":"publish","type":"product","link":"http:\/\/www.poficik.com\/index.php\/urun\/ithal-pelus-gamer-orumcek\/","title":{"rendered":"\u0130THAL PELU\u015e GAMER \u00d6R\u00dcMCEK"},"content":{"rendered":"<p>BOYUT : 30 CM &#8211; 15 CM<\/p>\n<p>\u0130THAL OYUNCAK<\/p>\n","protected":false},"excerpt":{"rendered":"<p>BOYUT : 30 CM &#8211; 15 CM \u0130THAL OYUNCAK<\/p>\n","protected":false},"featured_media":23532,"comment_status":"open","ping_status":"closed","template":"","meta":[],"product_brand":[],"product_cat":[29,32,53,42],"product_tag":[],"class_list":{"0":"post-23531","1":"product","2":"type-product","3":"status-publish","4":"has-post-thumbnail","6":"product_cat-12-16-yas","7":"product_cat-16-ustu","8":"product_cat-toys","9":"product_cat-yetiskin","11":"first","12":"instock","13":"sale","14":"shipping-taxable","15":"purchasable","16":"product-type-simple"},"_links":{"self":[{"href":"http:\/\/www.poficik.com\/index.php\/wp-json\/wp\/v2\/product\/23531","targetHints":{"allow":["GET"]}}],"collection":[{"href":"http:\/\/www.poficik.com\/index.php\/wp-json\/wp\/v2\/product"}],"about":[{"href":"http:\/\/www.poficik.com\/index.php\/wp-json\/wp\/v2\/types\/product"}],"replies":[{"embeddable":true,"href":"http:\/\/www.poficik.com\/index.php\/wp-json\/wp\/v2\/comments?post=23531"}],"version-history":[{"count":1,"href":"http:\/\/www.poficik.com\/index.php\/wp-json\/wp\/v2\/product\/23531\/revisions"}],"predecessor-version":[{"id":23533,"href":"http:\/\/www.poficik.com\/index.php\/wp-json\/wp\/v2\/product\/23531\/revisions\/23533"}],"wp:featuredmedia":[{"embeddable":true,"href":"http:\/\/www.poficik.com\/index.php\/wp-json\/wp\/v2\/media\/23532"}],"wp:attachment":[{"href":"http:\/\/www.poficik.com\/index.php\/wp-json\/wp\/v2\/media?parent=23531"}],"wp:term":[{"taxonomy":"product_brand","embeddable":true,"href":"http:\/\/www.poficik.com\/index.php\/wp-json\/wp\/v2\/product_brand?post=23531"},{"taxonomy":"product_cat","embeddable":true,"href":"http:\/\/www.poficik.com\/index.php\/wp-json\/wp\/v2\/product_cat?post=23531"},{"taxonomy":"product_tag","embeddable":true,"href":"http:\/\/www.poficik.com\/index.php\/wp-json\/wp\/v2\/product_tag?post=23531"}],"curies":[{"name":"wp","href":"https:\/\/api.w.org\/{rel}","templated":true}]}}