{"id":23500,"date":"2025-12-06T19:34:32","date_gmt":"2025-12-06T16:34:32","guid":{"rendered":"http:\/\/www.poficik.com\/?post_type=product&#038;p=23500"},"modified":"2025-12-06T19:34:32","modified_gmt":"2025-12-06T16:34:32","slug":"ithal-pelus-stich-oyuncak","status":"publish","type":"product","link":"http:\/\/www.poficik.com\/index.php\/urun\/ithal-pelus-stich-oyuncak\/","title":{"rendered":"\u0130THAL PELU\u015e ST\u0130CH OYUNCAK"},"content":{"rendered":"<p>BOYUT : 28 CM &#8211; 15 CM<\/p>\n<p>\u0130THAL OYUNCAK<\/p>\n","protected":false},"excerpt":{"rendered":"<p>BOYUT : 28 CM &#8211; 15 CM \u0130THAL OYUNCAK<\/p>\n","protected":false},"featured_media":23501,"comment_status":"open","ping_status":"closed","template":"","meta":[],"product_brand":[],"product_cat":[28,29,32,53,42],"product_tag":[],"class_list":{"0":"post-23500","1":"product","2":"type-product","3":"status-publish","4":"has-post-thumbnail","6":"product_cat-1-2-yas","7":"product_cat-12-16-yas","8":"product_cat-16-ustu","9":"product_cat-toys","10":"product_cat-yetiskin","12":"first","13":"instock","14":"sale","15":"shipping-taxable","16":"purchasable","17":"product-type-simple"},"_links":{"self":[{"href":"http:\/\/www.poficik.com\/index.php\/wp-json\/wp\/v2\/product\/23500","targetHints":{"allow":["GET"]}}],"collection":[{"href":"http:\/\/www.poficik.com\/index.php\/wp-json\/wp\/v2\/product"}],"about":[{"href":"http:\/\/www.poficik.com\/index.php\/wp-json\/wp\/v2\/types\/product"}],"replies":[{"embeddable":true,"href":"http:\/\/www.poficik.com\/index.php\/wp-json\/wp\/v2\/comments?post=23500"}],"version-history":[{"count":1,"href":"http:\/\/www.poficik.com\/index.php\/wp-json\/wp\/v2\/product\/23500\/revisions"}],"predecessor-version":[{"id":23502,"href":"http:\/\/www.poficik.com\/index.php\/wp-json\/wp\/v2\/product\/23500\/revisions\/23502"}],"wp:featuredmedia":[{"embeddable":true,"href":"http:\/\/www.poficik.com\/index.php\/wp-json\/wp\/v2\/media\/23501"}],"wp:attachment":[{"href":"http:\/\/www.poficik.com\/index.php\/wp-json\/wp\/v2\/media?parent=23500"}],"wp:term":[{"taxonomy":"product_brand","embeddable":true,"href":"http:\/\/www.poficik.com\/index.php\/wp-json\/wp\/v2\/product_brand?post=23500"},{"taxonomy":"product_cat","embeddable":true,"href":"http:\/\/www.poficik.com\/index.php\/wp-json\/wp\/v2\/product_cat?post=23500"},{"taxonomy":"product_tag","embeddable":true,"href":"http:\/\/www.poficik.com\/index.php\/wp-json\/wp\/v2\/product_tag?post=23500"}],"curies":[{"name":"wp","href":"https:\/\/api.w.org\/{rel}","templated":true}]}}