{"id":23468,"date":"2025-12-06T19:17:17","date_gmt":"2025-12-06T16:17:17","guid":{"rendered":"http:\/\/www.poficik.com\/?post_type=product&#038;p=23468"},"modified":"2025-12-06T19:20:21","modified_gmt":"2025-12-06T16:20:21","slug":"ithal-pelus-micky-mouse","status":"publish","type":"product","link":"http:\/\/www.poficik.com\/index.php\/urun\/ithal-pelus-micky-mouse\/","title":{"rendered":"\u0130THAL PELU\u015e M\u0130CKY MOUSE"},"content":{"rendered":"<p>BOYUT : 28 CM &#8211; 18 CM<\/p>\n<p>\u0130THAL OYUNCAK<\/p>\n","protected":false},"excerpt":{"rendered":"<p>BOYUT : 28 CM &#8211; 18 CM \u0130THAL OYUNCAK<\/p>\n","protected":false},"featured_media":23469,"comment_status":"open","ping_status":"closed","template":"","meta":[],"product_brand":[],"product_cat":[28,29,32,42],"product_tag":[],"class_list":{"0":"post-23468","1":"product","2":"type-product","3":"status-publish","4":"has-post-thumbnail","6":"product_cat-1-2-yas","7":"product_cat-12-16-yas","8":"product_cat-16-ustu","9":"product_cat-yetiskin","11":"first","12":"instock","13":"sale","14":"shipping-taxable","15":"purchasable","16":"product-type-simple"},"_links":{"self":[{"href":"http:\/\/www.poficik.com\/index.php\/wp-json\/wp\/v2\/product\/23468","targetHints":{"allow":["GET"]}}],"collection":[{"href":"http:\/\/www.poficik.com\/index.php\/wp-json\/wp\/v2\/product"}],"about":[{"href":"http:\/\/www.poficik.com\/index.php\/wp-json\/wp\/v2\/types\/product"}],"replies":[{"embeddable":true,"href":"http:\/\/www.poficik.com\/index.php\/wp-json\/wp\/v2\/comments?post=23468"}],"version-history":[{"count":1,"href":"http:\/\/www.poficik.com\/index.php\/wp-json\/wp\/v2\/product\/23468\/revisions"}],"predecessor-version":[{"id":23470,"href":"http:\/\/www.poficik.com\/index.php\/wp-json\/wp\/v2\/product\/23468\/revisions\/23470"}],"wp:featuredmedia":[{"embeddable":true,"href":"http:\/\/www.poficik.com\/index.php\/wp-json\/wp\/v2\/media\/23469"}],"wp:attachment":[{"href":"http:\/\/www.poficik.com\/index.php\/wp-json\/wp\/v2\/media?parent=23468"}],"wp:term":[{"taxonomy":"product_brand","embeddable":true,"href":"http:\/\/www.poficik.com\/index.php\/wp-json\/wp\/v2\/product_brand?post=23468"},{"taxonomy":"product_cat","embeddable":true,"href":"http:\/\/www.poficik.com\/index.php\/wp-json\/wp\/v2\/product_cat?post=23468"},{"taxonomy":"product_tag","embeddable":true,"href":"http:\/\/www.poficik.com\/index.php\/wp-json\/wp\/v2\/product_tag?post=23468"}],"curies":[{"name":"wp","href":"https:\/\/api.w.org\/{rel}","templated":true}]}}