{"id":23461,"date":"2025-12-06T19:12:58","date_gmt":"2025-12-06T16:12:58","guid":{"rendered":"http:\/\/www.poficik.com\/?post_type=product&#038;p=23461"},"modified":"2025-12-06T19:15:40","modified_gmt":"2025-12-06T16:15:40","slug":"ithal-pelus-kopek","status":"publish","type":"product","link":"http:\/\/www.poficik.com\/index.php\/urun\/ithal-pelus-kopek\/","title":{"rendered":"\u0130THAL PELU\u015e K\u00d6PEK"},"content":{"rendered":"<p>BOYUT : 65 CM &#8211; 50 CM<\/p>\n<p>\u0130THAL OYUNCAK<\/p>\n","protected":false},"excerpt":{"rendered":"<p>BOYUT : 65 CM &#8211; 50 CM \u0130THAL OYUNCAK<\/p>\n","protected":false},"featured_media":23462,"comment_status":"open","ping_status":"closed","template":"","meta":[],"product_brand":[],"product_cat":[29,32,53,42],"product_tag":[],"class_list":{"0":"post-23461","1":"product","2":"type-product","3":"status-publish","4":"has-post-thumbnail","6":"product_cat-12-16-yas","7":"product_cat-16-ustu","8":"product_cat-toys","9":"product_cat-yetiskin","11":"first","12":"instock","13":"sale","14":"shipping-taxable","15":"purchasable","16":"product-type-simple"},"_links":{"self":[{"href":"http:\/\/www.poficik.com\/index.php\/wp-json\/wp\/v2\/product\/23461","targetHints":{"allow":["GET"]}}],"collection":[{"href":"http:\/\/www.poficik.com\/index.php\/wp-json\/wp\/v2\/product"}],"about":[{"href":"http:\/\/www.poficik.com\/index.php\/wp-json\/wp\/v2\/types\/product"}],"replies":[{"embeddable":true,"href":"http:\/\/www.poficik.com\/index.php\/wp-json\/wp\/v2\/comments?post=23461"}],"version-history":[{"count":2,"href":"http:\/\/www.poficik.com\/index.php\/wp-json\/wp\/v2\/product\/23461\/revisions"}],"predecessor-version":[{"id":23467,"href":"http:\/\/www.poficik.com\/index.php\/wp-json\/wp\/v2\/product\/23461\/revisions\/23467"}],"wp:featuredmedia":[{"embeddable":true,"href":"http:\/\/www.poficik.com\/index.php\/wp-json\/wp\/v2\/media\/23462"}],"wp:attachment":[{"href":"http:\/\/www.poficik.com\/index.php\/wp-json\/wp\/v2\/media?parent=23461"}],"wp:term":[{"taxonomy":"product_brand","embeddable":true,"href":"http:\/\/www.poficik.com\/index.php\/wp-json\/wp\/v2\/product_brand?post=23461"},{"taxonomy":"product_cat","embeddable":true,"href":"http:\/\/www.poficik.com\/index.php\/wp-json\/wp\/v2\/product_cat?post=23461"},{"taxonomy":"product_tag","embeddable":true,"href":"http:\/\/www.poficik.com\/index.php\/wp-json\/wp\/v2\/product_tag?post=23461"}],"curies":[{"name":"wp","href":"https:\/\/api.w.org\/{rel}","templated":true}]}}