{"id":23443,"date":"2025-12-06T19:02:14","date_gmt":"2025-12-06T16:02:14","guid":{"rendered":"http:\/\/www.poficik.com\/?post_type=product&#038;p=23443"},"modified":"2025-12-06T19:07:17","modified_gmt":"2025-12-06T16:07:17","slug":"ithal-pelus-mavi-pantolonlu-kopek","status":"publish","type":"product","link":"http:\/\/www.poficik.com\/index.php\/urun\/ithal-pelus-mavi-pantolonlu-kopek\/","title":{"rendered":"\u0130THAL PELU\u015e MAV\u0130 PANTOLONLU K\u00d6PEK"},"content":{"rendered":"<p>BOYUT : 35 CM &#8211; 40 CM<\/p>\n<p>\u0130THAL OYUNCAK<\/p>\n","protected":false},"excerpt":{"rendered":"<p>BOYUT : 35 CM &#8211; 40 CM \u0130THAL OYUNCAK<\/p>\n","protected":false},"featured_media":23445,"comment_status":"open","ping_status":"closed","template":"","meta":[],"product_brand":[],"product_cat":[29,32],"product_tag":[],"class_list":{"0":"post-23443","1":"product","2":"type-product","3":"status-publish","4":"has-post-thumbnail","6":"product_cat-12-16-yas","7":"product_cat-16-ustu","9":"first","10":"instock","11":"sale","12":"shipping-taxable","13":"purchasable","14":"product-type-simple"},"_links":{"self":[{"href":"http:\/\/www.poficik.com\/index.php\/wp-json\/wp\/v2\/product\/23443","targetHints":{"allow":["GET"]}}],"collection":[{"href":"http:\/\/www.poficik.com\/index.php\/wp-json\/wp\/v2\/product"}],"about":[{"href":"http:\/\/www.poficik.com\/index.php\/wp-json\/wp\/v2\/types\/product"}],"replies":[{"embeddable":true,"href":"http:\/\/www.poficik.com\/index.php\/wp-json\/wp\/v2\/comments?post=23443"}],"version-history":[{"count":1,"href":"http:\/\/www.poficik.com\/index.php\/wp-json\/wp\/v2\/product\/23443\/revisions"}],"predecessor-version":[{"id":23446,"href":"http:\/\/www.poficik.com\/index.php\/wp-json\/wp\/v2\/product\/23443\/revisions\/23446"}],"wp:featuredmedia":[{"embeddable":true,"href":"http:\/\/www.poficik.com\/index.php\/wp-json\/wp\/v2\/media\/23445"}],"wp:attachment":[{"href":"http:\/\/www.poficik.com\/index.php\/wp-json\/wp\/v2\/media?parent=23443"}],"wp:term":[{"taxonomy":"product_brand","embeddable":true,"href":"http:\/\/www.poficik.com\/index.php\/wp-json\/wp\/v2\/product_brand?post=23443"},{"taxonomy":"product_cat","embeddable":true,"href":"http:\/\/www.poficik.com\/index.php\/wp-json\/wp\/v2\/product_cat?post=23443"},{"taxonomy":"product_tag","embeddable":true,"href":"http:\/\/www.poficik.com\/index.php\/wp-json\/wp\/v2\/product_tag?post=23443"}],"curies":[{"name":"wp","href":"https:\/\/api.w.org\/{rel}","templated":true}]}}