{"id":23429,"date":"2025-12-06T18:39:15","date_gmt":"2025-12-06T15:39:15","guid":{"rendered":"http:\/\/www.poficik.com\/?post_type=product&#038;p=23429"},"modified":"2025-12-06T18:39:15","modified_gmt":"2025-12-06T15:39:15","slug":"ithal-pelus-geyik","status":"publish","type":"product","link":"http:\/\/www.poficik.com\/index.php\/urun\/ithal-pelus-geyik\/","title":{"rendered":"\u0130THAL PELU\u015e GEY\u0130K"},"content":{"rendered":"<p>BOYUT : 25 CM &#8211; 17 CM<\/p>\n<p>\u0130THAL OYUNCAK<\/p>\n","protected":false},"excerpt":{"rendered":"<p>BOYUT : 25 CM &#8211; 17 CM \u0130THAL OYUNCAK<\/p>\n","protected":false},"featured_media":23430,"comment_status":"open","ping_status":"closed","template":"","meta":[],"product_brand":[],"product_cat":[29,32,42],"product_tag":[],"class_list":{"0":"post-23429","1":"product","2":"type-product","3":"status-publish","4":"has-post-thumbnail","6":"product_cat-12-16-yas","7":"product_cat-16-ustu","8":"product_cat-yetiskin","10":"first","11":"instock","12":"sale","13":"shipping-taxable","14":"purchasable","15":"product-type-simple"},"_links":{"self":[{"href":"http:\/\/www.poficik.com\/index.php\/wp-json\/wp\/v2\/product\/23429","targetHints":{"allow":["GET"]}}],"collection":[{"href":"http:\/\/www.poficik.com\/index.php\/wp-json\/wp\/v2\/product"}],"about":[{"href":"http:\/\/www.poficik.com\/index.php\/wp-json\/wp\/v2\/types\/product"}],"replies":[{"embeddable":true,"href":"http:\/\/www.poficik.com\/index.php\/wp-json\/wp\/v2\/comments?post=23429"}],"version-history":[{"count":1,"href":"http:\/\/www.poficik.com\/index.php\/wp-json\/wp\/v2\/product\/23429\/revisions"}],"predecessor-version":[{"id":23431,"href":"http:\/\/www.poficik.com\/index.php\/wp-json\/wp\/v2\/product\/23429\/revisions\/23431"}],"wp:featuredmedia":[{"embeddable":true,"href":"http:\/\/www.poficik.com\/index.php\/wp-json\/wp\/v2\/media\/23430"}],"wp:attachment":[{"href":"http:\/\/www.poficik.com\/index.php\/wp-json\/wp\/v2\/media?parent=23429"}],"wp:term":[{"taxonomy":"product_brand","embeddable":true,"href":"http:\/\/www.poficik.com\/index.php\/wp-json\/wp\/v2\/product_brand?post=23429"},{"taxonomy":"product_cat","embeddable":true,"href":"http:\/\/www.poficik.com\/index.php\/wp-json\/wp\/v2\/product_cat?post=23429"},{"taxonomy":"product_tag","embeddable":true,"href":"http:\/\/www.poficik.com\/index.php\/wp-json\/wp\/v2\/product_tag?post=23429"}],"curies":[{"name":"wp","href":"https:\/\/api.w.org\/{rel}","templated":true}]}}