{"id":23606,"date":"2026-01-05T14:37:57","date_gmt":"2026-01-05T11:37:57","guid":{"rendered":"http:\/\/www.poficik.com\/?page_id=23606"},"modified":"2026-01-05T14:38:28","modified_gmt":"2026-01-05T11:38:28","slug":"mesafeli-satis-sozlesmesi","status":"publish","type":"page","link":"http:\/\/www.poficik.com\/index.php\/mesafeli-satis-sozlesmesi\/","title":{"rendered":"Mesafeli Sat\u0131\u015f S\u00f6zle\u015fmesi"},"content":{"rendered":"\t\t<div data-elementor-type=\"wp-page\" data-elementor-id=\"23606\" class=\"elementor elementor-23606\">\n\t\t\t\t<div class=\"wd-negative-gap elementor-element elementor-element-e15901b e-flex e-con-boxed e-con e-parent\" data-id=\"e15901b\" data-element_type=\"container\">\n\t\t\t\t\t<div class=\"e-con-inner\">\n\t\t\t\t<div class=\"elementor-element elementor-element-6fc32f2 elementor-widget elementor-widget-wd_text_block\" data-id=\"6fc32f2\" data-element_type=\"widget\" data-widget_type=\"wd_text_block.default\">\n\t\t\t\t<div class=\"elementor-widget-container\">\n\t\t\t\t\t\t\t<div class=\"wd-text-block reset-last-child text-left\">\n\t\t\t\n\t\t\t<h1 data-start=\"293\" data-end=\"324\" style=\"color: rgb(0, 0, 0); font-style: normal; font-variant-ligatures: normal; font-variant-caps: normal; text-transform: none; white-space-collapse: collapse;\"><strong data-start=\"295\" data-end=\"324\">MESAFEL\u0130 SATI\u015e S\u00d6ZLE\u015eMES\u0130<\/strong><\/h1><h2 data-start=\"326\" data-end=\"344\" style=\"color: rgb(0, 0, 0); font-style: normal; font-variant-ligatures: normal; font-variant-caps: normal; text-transform: none; white-space-collapse: collapse;\"><strong data-start=\"329\" data-end=\"344\">1. Taraflar<\/strong><\/h2><p data-start=\"346\" data-end=\"477\" style=\"color: rgb(0, 0, 0); font-size: medium; font-style: normal; font-variant-ligatures: normal; font-variant-caps: normal; font-weight: 400; white-space-collapse: collapse;\"><strong data-start=\"346\" data-end=\"357\">Sat\u0131c\u0131:<\/strong><br data-start=\"357\" data-end=\"360\">Unvan: Poficik<br data-start=\"374\" data-end=\"377\">Web Sitesi: <a data-start=\"389\" data-end=\"412\" rel=\"noopener\" target=\"_new\" href=\"https:\/\/www.poficik.com\">https:\/\/www.poficik.com<span aria-hidden=\"true\"><svg xmlns=\"http:\/\/www.w3.org\/2000\/svg\" width=\"20\" height=\"20\" aria-hidden=\"true\" data-rtl-flip=\"\"><use href=\"\/cdn\/assets\/sprites-core-i9agxugi.svg#304883\" fill=\"currentColor\"><\/use><\/svg><\/span><\/a><br data-start=\"412\" data-end=\"415\">E-posta: <a data-start=\"424\" data-end=\"444\" rel=\"noopener\">iletisim@poficik.com<span aria-hidden=\"true\"><svg xmlns=\"http:\/\/www.w3.org\/2000\/svg\" width=\"20\" height=\"20\" aria-hidden=\"true\" data-rtl-flip=\"\"><use href=\"\/cdn\/assets\/sprites-core-i9agxugi.svg#304883\" fill=\"currentColor\"><\/use><\/svg><\/span><\/a><br data-start=\"444\" data-end=\"447\">Adres: Konya<\/p><p data-start=\"479\" data-end=\"569\" style=\"color: rgb(0, 0, 0); font-size: medium; font-style: normal; font-variant-ligatures: normal; font-variant-caps: normal; font-weight: 400; white-space-collapse: collapse;\"><strong data-start=\"479\" data-end=\"489\">Al\u0131c\u0131:<\/strong><br data-start=\"489\" data-end=\"492\">poficik.com internet sitesi \u00fczerinden al\u0131\u015fveri\u015f yapan ger\u00e7ek veya t\u00fczel ki\u015fi.<\/p><p data-start=\"571\" data-end=\"755\" style=\"color: rgb(0, 0, 0); font-size: medium; font-style: normal; font-variant-ligatures: normal; font-variant-caps: normal; font-weight: 400; white-space-collapse: collapse;\">Bu s\u00f6zle\u015fme, Al\u0131c\u0131\u2019n\u0131n Sat\u0131c\u0131\u2019ya ait internet sitesi \u00fczerinden elektronik ortamda sipari\u015f verdi\u011fi \u00fcr\u00fcn\/hizmetin sat\u0131\u015f\u0131 ve teslimine ili\u015fkin taraflar\u0131n hak ve y\u00fck\u00fcml\u00fcl\u00fcklerini d\u00fczenler.<\/p><hr data-start=\"757\" data-end=\"760\" style=\"font-size: medium; white-space-collapse: collapse;\"><h2 data-start=\"762\" data-end=\"776\" style=\"color: rgb(0, 0, 0); font-style: normal; font-variant-ligatures: normal; font-variant-caps: normal; text-transform: none; white-space-collapse: collapse;\"><strong data-start=\"765\" data-end=\"776\">2. Konu<\/strong><\/h2><p data-start=\"777\" data-end=\"1135\" style=\"color: rgb(0, 0, 0); font-size: medium; font-style: normal; font-variant-ligatures: normal; font-variant-caps: normal; font-weight: 400; white-space-collapse: collapse;\">\u0130\u015fbu s\u00f6zle\u015fmenin konusu; Al\u0131c\u0131\u2019n\u0131n Sat\u0131c\u0131\u2019ya ait <a data-start=\"826\" data-end=\"849\" rel=\"noopener\" target=\"_new\" href=\"https:\/\/www.poficik.com\">https:\/\/www.poficik.com<span aria-hidden=\"true\"><svg xmlns=\"http:\/\/www.w3.org\/2000\/svg\" width=\"20\" height=\"20\" aria-hidden=\"true\" data-rtl-flip=\"\"><use href=\"\/cdn\/assets\/sprites-core-i9agxugi.svg#304883\" fill=\"currentColor\"><\/use><\/svg><\/span><\/a> internet sitesi \u00fczerinden sipari\u015fini verdi\u011fi, nitelikleri ve sat\u0131\u015f fiyat\u0131 belirtilen \u00fcr\u00fcn\u00fcn sat\u0131\u015f\u0131 ve teslimi ile ilgili olarak 6502 say\u0131l\u0131 T\u00fcketicinin Korunmas\u0131 Hakk\u0131nda Kanun ve Mesafeli S\u00f6zle\u015fmeler Y\u00f6netmeli\u011fi h\u00fck\u00fcmleri gere\u011fince taraflar\u0131n hak ve y\u00fck\u00fcml\u00fcl\u00fcklerinin belirlenmesidir.<\/p><hr data-start=\"1137\" data-end=\"1140\" style=\"font-size: medium; white-space-collapse: collapse;\"><h2 data-start=\"1142\" data-end=\"1182\" style=\"color: rgb(0, 0, 0); font-style: normal; font-variant-ligatures: normal; font-variant-caps: normal; text-transform: none; white-space-collapse: collapse;\"><strong data-start=\"1145\" data-end=\"1182\">3. S\u00f6zle\u015fme Konusu \u00dcr\u00fcn Bilgileri<\/strong><\/h2><p data-start=\"1183\" data-end=\"1365\" style=\"color: rgb(0, 0, 0); font-size: medium; font-style: normal; font-variant-ligatures: normal; font-variant-caps: normal; font-weight: 400; white-space-collapse: collapse;\">\u00dcr\u00fcnlerin t\u00fcr\u00fc, miktar\u0131, marka\/modeli, sat\u0131\u015f bedeli, \u00f6deme \u015fekli ve teslimat bilgileri; sipari\u015f tamamlanmadan \u00f6nce Al\u0131c\u0131\u2019ya sunulan ve sipari\u015f onay\u0131yla kesinle\u015fen bilgilerden olu\u015fur.<\/p><hr data-start=\"1367\" data-end=\"1370\" style=\"font-size: medium; white-space-collapse: collapse;\"><h2 data-start=\"1372\" data-end=\"1396\" style=\"color: rgb(0, 0, 0); font-style: normal; font-variant-ligatures: normal; font-variant-caps: normal; text-transform: none; white-space-collapse: collapse;\"><strong data-start=\"1375\" data-end=\"1396\">4. Genel H\u00fck\u00fcmler<\/strong><\/h2><p data-start=\"1398\" data-end=\"1594\" style=\"color: rgb(0, 0, 0); font-size: medium; font-style: normal; font-variant-ligatures: normal; font-variant-caps: normal; font-weight: 400; white-space-collapse: collapse;\">4.1. Al\u0131c\u0131, s\u00f6zle\u015fme konusu \u00fcr\u00fcn\u00fcn temel nitelikleri, sat\u0131\u015f fiyat\u0131, \u00f6deme \u015fekli, teslimat ve cayma hakk\u0131 hakk\u0131nda \u00f6n bilgilendirildi\u011fini ve bu bilgileri elektronik ortamda onaylad\u0131\u011f\u0131n\u0131 kabul eder.<\/p><p data-start=\"1596\" data-end=\"1746\" style=\"color: rgb(0, 0, 0); font-size: medium; font-style: normal; font-variant-ligatures: normal; font-variant-caps: normal; font-weight: 400; white-space-collapse: collapse;\">4.2. Sat\u0131c\u0131, s\u00f6zle\u015fme konusu \u00fcr\u00fcn\u00fc eksiksiz, sipari\u015fte belirtilen niteliklere uygun ve varsa garanti belgeleri ile birlikte teslim etmekle y\u00fck\u00fcml\u00fcd\u00fcr.<\/p><p data-start=\"1748\" data-end=\"1907\" style=\"color: rgb(0, 0, 0); font-size: medium; font-style: normal; font-variant-ligatures: normal; font-variant-caps: normal; font-weight: 400; white-space-collapse: collapse;\">4.3. \u00dcr\u00fcn, yasal <strong data-start=\"1765\" data-end=\"1775\">30 g\u00fcn<\/strong> s\u00fcresi a\u015f\u0131lmamak kayd\u0131yla, sipari\u015f s\u0131ras\u0131nda belirtilen s\u00fcre i\u00e7inde Al\u0131c\u0131\u2019ya veya g\u00f6sterdi\u011fi adresteki ki\u015fi\/kurulu\u015fa teslim edilir.<\/p><hr data-start=\"1909\" data-end=\"1912\" style=\"font-size: medium; white-space-collapse: collapse;\"><h2 data-start=\"1914\" data-end=\"1939\" style=\"color: rgb(0, 0, 0); font-style: normal; font-variant-ligatures: normal; font-variant-caps: normal; text-transform: none; white-space-collapse: collapse;\"><strong data-start=\"1917\" data-end=\"1939\">5. \u00d6deme ve Fatura<\/strong><\/h2><ul data-start=\"1940\" data-end=\"2116\" style=\"color: rgb(0, 0, 0); font-size: medium; font-style: normal; font-variant-ligatures: normal; font-variant-caps: normal; font-weight: 400; white-space-collapse: collapse;\"><li data-start=\"1940\" data-end=\"2014\"><p data-start=\"1942\" data-end=\"2014\">\u00dcr\u00fcn bedeli, Al\u0131c\u0131 taraf\u0131ndan se\u00e7ilen \u00f6deme y\u00f6ntemi ile tahsil edilir.<\/p><\/li><li data-start=\"2015\" data-end=\"2073\"><p data-start=\"2017\" data-end=\"2073\">Sat\u0131c\u0131, \u00fcr\u00fcnle birlikte fatura g\u00f6ndermekle y\u00fck\u00fcml\u00fcd\u00fcr.<\/p><\/li><li data-start=\"2074\" data-end=\"2116\"><p data-start=\"2076\" data-end=\"2116\">\u00d6deme yap\u0131lmadan sipari\u015f i\u015fleme al\u0131nmaz.<\/p><\/li><\/ul><hr data-start=\"2118\" data-end=\"2121\" style=\"font-size: medium; white-space-collapse: collapse;\"><h2 data-start=\"2123\" data-end=\"2144\" style=\"color: rgb(0, 0, 0); font-style: normal; font-variant-ligatures: normal; font-variant-caps: normal; text-transform: none; white-space-collapse: collapse;\"><strong data-start=\"2126\" data-end=\"2144\">6. Cayma Hakk\u0131<\/strong><\/h2><p data-start=\"2146\" data-end=\"2303\" style=\"color: rgb(0, 0, 0); font-size: medium; font-style: normal; font-variant-ligatures: normal; font-variant-caps: normal; font-weight: 400; white-space-collapse: collapse;\">6.1. Al\u0131c\u0131, \u00fcr\u00fcn\u00fc teslim ald\u0131\u011f\u0131 tarihten itibaren <strong data-start=\"2196\" data-end=\"2206\">14 g\u00fcn<\/strong> i\u00e7inde herhangi bir gerek\u00e7e g\u00f6stermeksizin ve cezai \u015fart \u00f6demeksizin cayma hakk\u0131n\u0131 kullanabilir.<\/p><p data-start=\"2305\" data-end=\"2444\" style=\"color: rgb(0, 0, 0); font-size: medium; font-style: normal; font-variant-ligatures: normal; font-variant-caps: normal; font-weight: 400; white-space-collapse: collapse;\">6.2. Cayma hakk\u0131n\u0131n kullan\u0131lmas\u0131 i\u00e7in bu s\u00fcre i\u00e7inde Sat\u0131c\u0131\u2019ya <strong data-start=\"2368\" data-end=\"2387\">yaz\u0131l\u0131 bildirim<\/strong> yap\u0131lmas\u0131 gerekmektedir.<br data-start=\"2412\" data-end=\"2415\">E-posta: <a data-start=\"2424\" data-end=\"2444\" rel=\"noopener\">iletisim@poficik.com<span aria-hidden=\"true\"><svg xmlns=\"http:\/\/www.w3.org\/2000\/svg\" width=\"20\" height=\"20\" aria-hidden=\"true\" data-rtl-flip=\"\"><use href=\"\/cdn\/assets\/sprites-core-i9agxugi.svg#304883\" fill=\"currentColor\"><\/use><\/svg><\/span><\/a><\/p><p data-start=\"2446\" data-end=\"2577\" style=\"color: rgb(0, 0, 0); font-size: medium; font-style: normal; font-variant-ligatures: normal; font-variant-caps: normal; font-weight: 400; white-space-collapse: collapse;\">6.3. Cayma hakk\u0131 kapsam\u0131nda iade edilecek \u00fcr\u00fcn\u00fcn kullan\u0131lmam\u0131\u015f, yeniden sat\u0131labilir durumda ve orijinal ambalaj\u0131nda olmas\u0131 gerekir.<\/p><hr data-start=\"2579\" data-end=\"2582\" style=\"font-size: medium; white-space-collapse: collapse;\"><h2 data-start=\"2584\" data-end=\"2634\" style=\"color: rgb(0, 0, 0); font-style: normal; font-variant-ligatures: normal; font-variant-caps: normal; text-transform: none; white-space-collapse: collapse;\"><strong data-start=\"2587\" data-end=\"2634\">7. Cayma Hakk\u0131n\u0131n Kullan\u0131lamayaca\u011f\u0131 \u00dcr\u00fcnler<\/strong><\/h2><p data-start=\"2635\" data-end=\"2680\" style=\"color: rgb(0, 0, 0); font-size: medium; font-style: normal; font-variant-ligatures: normal; font-variant-caps: normal; font-weight: 400; white-space-collapse: collapse;\">A\u015fa\u011f\u0131daki \u00fcr\u00fcnlerde cayma hakk\u0131 kullan\u0131lamaz:<\/p><ul data-start=\"2682\" data-end=\"2877\" style=\"color: rgb(0, 0, 0); font-size: medium; font-style: normal; font-variant-ligatures: normal; font-variant-caps: normal; font-weight: 400; white-space-collapse: collapse;\"><li data-start=\"2682\" data-end=\"2716\"><p data-start=\"2684\" data-end=\"2716\">Ki\u015fiye \u00f6zel haz\u0131rlanan \u00fcr\u00fcnler<\/p><\/li><li data-start=\"2717\" data-end=\"2766\"><p data-start=\"2719\" data-end=\"2766\">Hijyen nedeniyle iadesi uygun olmayan \u00fcr\u00fcnler<\/p><\/li><li data-start=\"2767\" data-end=\"2826\"><p data-start=\"2769\" data-end=\"2826\">Ambalaj\u0131 a\u00e7\u0131lm\u0131\u015f, kullan\u0131lm\u0131\u015f veya zarar g\u00f6rm\u00fc\u015f \u00fcr\u00fcnler<\/p><\/li><li data-start=\"2827\" data-end=\"2877\"><p data-start=\"2829\" data-end=\"2877\">Dijital \u00fcr\u00fcnler ve an\u0131nda ifa edilen hizmetler<\/p><\/li><\/ul><hr data-start=\"2879\" data-end=\"2882\" style=\"font-size: medium; white-space-collapse: collapse;\"><h2 data-start=\"2884\" data-end=\"2914\" style=\"color: rgb(0, 0, 0); font-style: normal; font-variant-ligatures: normal; font-variant-caps: normal; text-transform: none; white-space-collapse: collapse;\"><strong data-start=\"2887\" data-end=\"2914\">8. \u0130ade ve \u00dccret \u0130adesi<\/strong><\/h2><ul data-start=\"2915\" data-end=\"3174\" style=\"color: rgb(0, 0, 0); font-size: medium; font-style: normal; font-variant-ligatures: normal; font-variant-caps: normal; font-weight: 400; white-space-collapse: collapse;\"><li data-start=\"2915\" data-end=\"2978\"><p data-start=\"2917\" data-end=\"2978\">\u0130ade edilen \u00fcr\u00fcn Sat\u0131c\u0131\u2019ya ula\u015ft\u0131ktan sonra kontrol edilir.<\/p><\/li><li data-start=\"2979\" data-end=\"3090\"><p data-start=\"2981\" data-end=\"3090\">\u0130ade \u015fartlar\u0131na uygun \u00fcr\u00fcnlerde, \u00fcr\u00fcn bedeli <strong data-start=\"3026\" data-end=\"3036\">14 g\u00fcn<\/strong> i\u00e7inde Al\u0131c\u0131\u2019ya \u00f6deme yap\u0131lan y\u00f6ntemle iade edilir.<\/p><\/li><li data-start=\"3091\" data-end=\"3174\"><p data-start=\"3093\" data-end=\"3174\">Banka ve \u00f6deme kurulu\u015flar\u0131ndan kaynaklanan gecikmelerden Sat\u0131c\u0131 sorumlu de\u011fildir.<\/p><\/li><\/ul><hr data-start=\"3176\" data-end=\"3179\" style=\"font-size: medium; white-space-collapse: collapse;\"><h2 data-start=\"3181\" data-end=\"3205\" style=\"color: rgb(0, 0, 0); font-style: normal; font-variant-ligatures: normal; font-variant-caps: normal; text-transform: none; white-space-collapse: collapse;\"><strong data-start=\"3184\" data-end=\"3205\">9. Ay\u0131pl\u0131 \u00dcr\u00fcnler<\/strong><\/h2><p data-start=\"3206\" data-end=\"3406\" style=\"color: rgb(0, 0, 0); font-size: medium; font-style: normal; font-variant-ligatures: normal; font-variant-caps: normal; font-weight: 400; white-space-collapse: collapse;\">Teslim edilen \u00fcr\u00fcn\u00fcn ay\u0131pl\u0131 veya hatal\u0131 olmas\u0131 halinde Al\u0131c\u0131, teslim tarihinden itibaren <strong data-start=\"3295\" data-end=\"3305\">14 g\u00fcn<\/strong> i\u00e7inde Sat\u0131c\u0131\u2019ya bildirimde bulunmal\u0131d\u0131r. Bu durumda iade kargo bedeli Sat\u0131c\u0131 taraf\u0131ndan kar\u015f\u0131lan\u0131r.<\/p><hr data-start=\"3408\" data-end=\"3411\" style=\"font-size: medium; white-space-collapse: collapse;\"><h2 data-start=\"3413\" data-end=\"3439\" style=\"color: rgb(0, 0, 0); font-style: normal; font-variant-ligatures: normal; font-variant-caps: normal; text-transform: none; white-space-collapse: collapse;\"><strong data-start=\"3416\" data-end=\"3439\">10. M\u00fccbir Sebepler<\/strong><\/h2><p data-start=\"3440\" data-end=\"3643\" style=\"color: rgb(0, 0, 0); font-size: medium; font-style: normal; font-variant-ligatures: normal; font-variant-caps: normal; font-weight: 400; white-space-collapse: collapse;\">Taraflar\u0131n kontrol\u00fc d\u0131\u015f\u0131nda geli\u015fen; do\u011fal afet, sava\u015f, yang\u0131n, grev, altyap\u0131 ar\u0131zalar\u0131 gibi m\u00fccbir sebeplerden dolay\u0131 s\u00f6zle\u015fme y\u00fck\u00fcml\u00fcl\u00fcklerinin yerine getirilememesi halinde taraflar sorumlu tutulamaz.<\/p><hr data-start=\"3645\" data-end=\"3648\" style=\"font-size: medium; white-space-collapse: collapse;\"><h2 data-start=\"3650\" data-end=\"3676\" style=\"color: rgb(0, 0, 0); font-style: normal; font-variant-ligatures: normal; font-variant-caps: normal; text-transform: none; white-space-collapse: collapse;\"><strong data-start=\"3653\" data-end=\"3676\">11. Ki\u015fisel Veriler<\/strong><\/h2><p data-start=\"3677\" data-end=\"3801\" style=\"color: rgb(0, 0, 0); font-size: medium; font-style: normal; font-variant-ligatures: normal; font-variant-caps: normal; font-weight: 400; white-space-collapse: collapse;\">Al\u0131c\u0131\u2019ya ait ki\u015fisel veriler, Sat\u0131c\u0131\u2019n\u0131n <strong data-start=\"3718\" data-end=\"3741\">Gizlilik Politikas\u0131<\/strong> ve <strong data-start=\"3745\" data-end=\"3770\">KVKK Ayd\u0131nlatma Metni<\/strong> kapsam\u0131nda i\u015flenir ve korunur.<\/p><hr data-start=\"3803\" data-end=\"3806\" style=\"font-size: medium; white-space-collapse: collapse;\"><h2 data-start=\"3808\" data-end=\"3834\" style=\"color: rgb(0, 0, 0); font-style: normal; font-variant-ligatures: normal; font-variant-caps: normal; text-transform: none; white-space-collapse: collapse;\"><strong data-start=\"3811\" data-end=\"3834\">12. Yetkili Mahkeme<\/strong><\/h2><p data-start=\"3835\" data-end=\"4017\" style=\"color: rgb(0, 0, 0); font-size: medium; font-style: normal; font-variant-ligatures: normal; font-variant-caps: normal; font-weight: 400; white-space-collapse: collapse;\">\u0130\u015fbu s\u00f6zle\u015fmeden do\u011fabilecek uyu\u015fmazl\u0131klarda, Ticaret Bakanl\u0131\u011f\u0131\u2019nca her y\u0131l belirlenen parasal s\u0131n\u0131rlar d\u00e2hilinde <strong data-start=\"3949\" data-end=\"3977\">T\u00fcketici Hakem Heyetleri<\/strong> ve <strong data-start=\"3981\" data-end=\"4005\">T\u00fcketici Mahkemeleri<\/strong> yetkilidir.<\/p><hr data-start=\"4019\" data-end=\"4022\" style=\"font-size: medium; white-space-collapse: collapse;\"><h2 data-start=\"4024\" data-end=\"4043\" style=\"color: rgb(0, 0, 0); font-style: normal; font-variant-ligatures: normal; font-variant-caps: normal; text-transform: none; white-space-collapse: collapse;\"><strong data-start=\"4027\" data-end=\"4043\">13. Y\u00fcr\u00fcrl\u00fck<\/strong><\/h2><p data-start=\"4044\" data-end=\"4165\" style=\"color: rgb(0, 0, 0); font-size: medium; font-style: normal; font-variant-ligatures: normal; font-variant-caps: normal; font-weight: 400; white-space-collapse: collapse;\">Al\u0131c\u0131, poficik.com \u00fczerinden sipari\u015f verdi\u011fi anda i\u015fbu Mesafeli Sat\u0131\u015f S\u00f6zle\u015fmesi\u2019nin t\u00fcm h\u00fck\u00fcmlerini kabul etmi\u015f say\u0131l\u0131r.<\/p><p data-start=\"4167\" data-end=\"4203\" style=\"color: rgb(0, 0, 0); font-size: medium; font-style: normal; font-variant-ligatures: normal; font-variant-caps: normal; font-weight: 400; white-space-collapse: collapse;\"><strong data-start=\"4167\" data-end=\"4187\">Y\u00fcr\u00fcrl\u00fck Tarihi:<\/strong> [Tarih Giriniz]<\/p>\n\t\t\t\t\t<\/div>\n\t\t\t\t\t\t<\/div>\n\t\t\t\t<\/div>\n\t\t\t\t\t<\/div>\n\t\t\t\t<\/div>\n\t\t\t\t<\/div>\n\t\t","protected":false},"excerpt":{"rendered":"<p>MESAFEL\u0130 SATI\u015e S\u00d6ZLE\u015eMES\u0130 1. Taraflar Sat\u0131c\u0131:Unvan: PoficikWeb Sitesi: https:\/\/www.poficik.comE-posta: iletisim@poficik.comAdres: Konya Al\u0131c\u0131:poficik.com internet sitesi \u00fczerinden al\u0131\u015fveri\u015f yapan ger\u00e7ek veya t\u00fczel<\/p>\n","protected":false},"author":1,"featured_media":0,"parent":0,"menu_order":0,"comment_status":"closed","ping_status":"closed","template":"","meta":{"footnotes":""},"class_list":["post-23606","page","type-page","status-publish","hentry"],"_links":{"self":[{"href":"http:\/\/www.poficik.com\/index.php\/wp-json\/wp\/v2\/pages\/23606","targetHints":{"allow":["GET"]}}],"collection":[{"href":"http:\/\/www.poficik.com\/index.php\/wp-json\/wp\/v2\/pages"}],"about":[{"href":"http:\/\/www.poficik.com\/index.php\/wp-json\/wp\/v2\/types\/page"}],"author":[{"embeddable":true,"href":"http:\/\/www.poficik.com\/index.php\/wp-json\/wp\/v2\/users\/1"}],"replies":[{"embeddable":true,"href":"http:\/\/www.poficik.com\/index.php\/wp-json\/wp\/v2\/comments?post=23606"}],"version-history":[{"count":4,"href":"http:\/\/www.poficik.com\/index.php\/wp-json\/wp\/v2\/pages\/23606\/revisions"}],"predecessor-version":[{"id":23610,"href":"http:\/\/www.poficik.com\/index.php\/wp-json\/wp\/v2\/pages\/23606\/revisions\/23610"}],"wp:attachment":[{"href":"http:\/\/www.poficik.com\/index.php\/wp-json\/wp\/v2\/media?parent=23606"}],"curies":[{"name":"wp","href":"https:\/\/api.w.org\/{rel}","templated":true}]}}