{"id":23600,"date":"2026-01-05T14:34:34","date_gmt":"2026-01-05T11:34:34","guid":{"rendered":"http:\/\/www.poficik.com\/?page_id=23600"},"modified":"2026-01-05T14:36:03","modified_gmt":"2026-01-05T11:36:03","slug":"teslimat-ve-iade","status":"publish","type":"page","link":"http:\/\/www.poficik.com\/index.php\/teslimat-ve-iade\/","title":{"rendered":"Teslimat ve \u0130ade"},"content":{"rendered":"\t\t<div data-elementor-type=\"wp-page\" data-elementor-id=\"23600\" class=\"elementor elementor-23600\">\n\t\t\t\t<div class=\"wd-negative-gap elementor-element elementor-element-cb165e6 e-flex e-con-boxed e-con e-parent\" data-id=\"cb165e6\" data-element_type=\"container\">\n\t\t\t\t\t<div class=\"e-con-inner\">\n\t\t\t\t<div class=\"elementor-element elementor-element-ceb7a48 elementor-widget elementor-widget-wd_text_block\" data-id=\"ceb7a48\" data-element_type=\"widget\" data-widget_type=\"wd_text_block.default\">\n\t\t\t\t<div class=\"elementor-widget-container\">\n\t\t\t\t\t\t\t<div class=\"wd-text-block reset-last-child text-left\">\n\t\t\t\n\t\t\t<h1 style=\"color: #000000; font-style: normal; font-variant-ligatures: normal; font-variant-caps: normal; text-transform: none; white-space-collapse: collapse;\" data-start=\"205\" data-end=\"238\"><strong data-start=\"207\" data-end=\"238\">TESL\u0130MAT VE \u0130ADE POL\u0130T\u0130KASI<\/strong><\/h1><h2 style=\"color: #000000; font-style: normal; font-variant-ligatures: normal; font-variant-caps: normal; text-transform: none; white-space-collapse: collapse;\" data-start=\"320\" data-end=\"348\"><strong data-start=\"323\" data-end=\"348\">1. Teslimat Ko\u015fullar\u0131<\/strong><\/h2><h3 style=\"color: #000000; font-style: normal; font-variant-ligatures: normal; font-variant-caps: normal; text-transform: none; white-space-collapse: collapse;\" data-start=\"350\" data-end=\"387\"><strong data-start=\"354\" data-end=\"387\">1.1. Sipari\u015f Haz\u0131rlama S\u00fcresi<\/strong><\/h3><p style=\"color: #000000; font-size: medium; font-style: normal; font-variant-ligatures: normal; font-variant-caps: normal; font-weight: 400; white-space-collapse: collapse;\" data-start=\"388\" data-end=\"583\">poficik.com \u00fczerinden verilen sipari\u015fler, \u00f6deme onay\u0131n\u0131n ard\u0131ndan <strong data-start=\"454\" data-end=\"469\">1\u20133 i\u015f g\u00fcn\u00fc<\/strong> i\u00e7erisinde haz\u0131rlanarak kargoya teslim edilir. Kampanya ve yo\u011funluk d\u00f6nemlerinde bu s\u00fcre de\u011fi\u015fiklik g\u00f6sterebilir.<\/p><h3 style=\"color: #000000; font-style: normal; font-variant-ligatures: normal; font-variant-caps: normal; text-transform: none; white-space-collapse: collapse;\" data-start=\"585\" data-end=\"622\"><strong data-start=\"589\" data-end=\"622\">1.2. Kargo ve Teslimat S\u00fcresi<\/strong><\/h3><ul style=\"color: #000000; font-size: medium; font-style: normal; font-variant-ligatures: normal; font-variant-caps: normal; font-weight: 400; white-space-collapse: collapse;\" data-start=\"623\" data-end=\"871\"><li data-start=\"623\" data-end=\"688\"><p data-start=\"625\" data-end=\"688\">Sipari\u015fler anla\u015fmal\u0131 kargo firmalar\u0131 arac\u0131l\u0131\u011f\u0131yla g\u00f6nderilir.<\/p><\/li><li data-start=\"689\" data-end=\"795\"><p data-start=\"691\" data-end=\"795\">Kargo teslim s\u00fcresi, teslimat adresine ba\u011fl\u0131 olarak genellikle <strong data-start=\"754\" data-end=\"769\">1\u20135 i\u015f g\u00fcn\u00fc<\/strong> aras\u0131nda de\u011fi\u015fmektedir.<\/p><\/li><li data-start=\"796\" data-end=\"871\"><p data-start=\"798\" data-end=\"871\">Kargo firmas\u0131ndan kaynaklanan gecikmelerden poficik.com sorumlu de\u011fildir.<\/p><\/li><\/ul><h3 style=\"color: #000000; font-style: normal; font-variant-ligatures: normal; font-variant-caps: normal; text-transform: none; white-space-collapse: collapse;\" data-start=\"873\" data-end=\"898\"><strong data-start=\"877\" data-end=\"898\">1.3. Kargo \u00dccreti<\/strong><\/h3><p style=\"color: #000000; font-size: medium; font-style: normal; font-variant-ligatures: normal; font-variant-caps: normal; font-weight: 400; white-space-collapse: collapse;\" data-start=\"899\" data-end=\"1036\">Kargo \u00fccretleri sipari\u015f a\u015famas\u0131nda kullan\u0131c\u0131ya a\u00e7\u0131k\u00e7a belirtilir. Belirli kampanya ve tutar \u00fczeri al\u0131\u015fveri\u015flerde kargo \u00fccretsiz olabilir.<\/p><h3 style=\"color: #000000; font-style: normal; font-variant-ligatures: normal; font-variant-caps: normal; text-transform: none; white-space-collapse: collapse;\" data-start=\"1038\" data-end=\"1066\"><strong data-start=\"1042\" data-end=\"1066\">1.4. Teslimat Adresi<\/strong><\/h3><p style=\"color: #000000; font-size: medium; font-style: normal; font-variant-ligatures: normal; font-variant-caps: normal; font-weight: 400; white-space-collapse: collapse;\" data-start=\"1067\" data-end=\"1306\">Sipari\u015fin, kullan\u0131c\u0131 taraf\u0131ndan belirtilen adrese do\u011fru ve eksiksiz \u015fekilde teslim edilmesinden kullan\u0131c\u0131 sorumludur. Yanl\u0131\u015f veya eksik adres bilgisi nedeniyle olu\u015fabilecek gecikme veya teslimat sorunlar\u0131ndan poficik.com sorumlu tutulamaz.<\/p><hr style=\"font-size: medium; white-space-collapse: collapse;\" data-start=\"1308\" data-end=\"1311\"><h2 style=\"color: #000000; font-style: normal; font-variant-ligatures: normal; font-variant-caps: normal; text-transform: none; white-space-collapse: collapse;\" data-start=\"1313\" data-end=\"1337\"><strong data-start=\"1316\" data-end=\"1337\">2. \u0130ade Ko\u015fullar\u0131<\/strong><\/h2><h3 style=\"color: #000000; font-style: normal; font-variant-ligatures: normal; font-variant-caps: normal; text-transform: none; white-space-collapse: collapse;\" data-start=\"1339\" data-end=\"1363\"><strong data-start=\"1343\" data-end=\"1363\">2.1. Cayma Hakk\u0131<\/strong><\/h3><p style=\"color: #000000; font-size: medium; font-style: normal; font-variant-ligatures: normal; font-variant-caps: normal; font-weight: 400; white-space-collapse: collapse;\" data-start=\"1364\" data-end=\"1556\">6502 say\u0131l\u0131 T\u00fcketicinin Korunmas\u0131 Hakk\u0131nda Kanun uyar\u0131nca, kullan\u0131c\u0131 \u00fcr\u00fcn\u00fc teslim ald\u0131\u011f\u0131 tarihten itibaren <strong data-start=\"1471\" data-end=\"1481\">14 g\u00fcn<\/strong> i\u00e7erisinde herhangi bir gerek\u00e7e g\u00f6stermeksizin cayma hakk\u0131n\u0131 kullanabilir.<\/p><h3 style=\"color: #000000; font-style: normal; font-variant-ligatures: normal; font-variant-caps: normal; text-transform: none; white-space-collapse: collapse;\" data-start=\"1558\" data-end=\"1595\"><strong data-start=\"1562\" data-end=\"1595\">2.2. Cayma Hakk\u0131n\u0131n Kullan\u0131m\u0131<\/strong><\/h3><p style=\"color: #000000; font-size: medium; font-style: normal; font-variant-ligatures: normal; font-variant-caps: normal; font-weight: 400; white-space-collapse: collapse;\" data-start=\"1596\" data-end=\"1633\">Cayma hakk\u0131n\u0131n kullan\u0131labilmesi i\u00e7in:<\/p><ul style=\"color: #000000; font-size: medium; font-style: normal; font-variant-ligatures: normal; font-variant-caps: normal; font-weight: 400; white-space-collapse: collapse;\" data-start=\"1634\" data-end=\"1793\"><li data-start=\"1634\" data-end=\"1714\"><p data-start=\"1636\" data-end=\"1714\">\u00dcr\u00fcn kullan\u0131lmam\u0131\u015f, zarar g\u00f6rmemi\u015f ve yeniden sat\u0131labilir durumda olmal\u0131d\u0131r.<\/p><\/li><li data-start=\"1715\" data-end=\"1793\"><p data-start=\"1717\" data-end=\"1793\">\u00dcr\u00fcn, orijinal ambalaj\u0131 ve t\u00fcm aksesuarlar\u0131 ile birlikte iade edilmelidir.<\/p><\/li><\/ul><p style=\"color: #000000; font-size: medium; font-style: normal; font-variant-ligatures: normal; font-variant-caps: normal; font-weight: 400; white-space-collapse: collapse;\" data-start=\"1795\" data-end=\"1889\">Cayma bildirimi, <strong data-start=\"1812\" data-end=\"1836\"><a class=\"decorated-link cursor-pointer\" rel=\"noopener\" data-start=\"1814\" data-end=\"1834\">iletisim@poficik.com<\/a><\/strong> e-posta adresi \u00fczerinden yaz\u0131l\u0131 olarak yap\u0131lmal\u0131d\u0131r.<\/p><hr style=\"font-size: medium; white-space-collapse: collapse;\" data-start=\"1891\" data-end=\"1894\"><h2 style=\"color: #000000; font-style: normal; font-variant-ligatures: normal; font-variant-caps: normal; text-transform: none; white-space-collapse: collapse;\" data-start=\"1896\" data-end=\"1929\"><strong data-start=\"1899\" data-end=\"1929\">3. \u0130ade Edilemeyen \u00dcr\u00fcnler<\/strong><\/h2><p style=\"color: #000000; font-size: medium; font-style: normal; font-variant-ligatures: normal; font-variant-caps: normal; font-weight: 400; white-space-collapse: collapse;\" data-start=\"1930\" data-end=\"1985\">A\u015fa\u011f\u0131daki \u00fcr\u00fcnler cayma hakk\u0131 kapsam\u0131nda iade edilemez:<\/p><ul style=\"color: #000000; font-size: medium; font-style: normal; font-variant-ligatures: normal; font-variant-caps: normal; font-weight: 400; white-space-collapse: collapse;\" data-start=\"1987\" data-end=\"2202\"><li data-start=\"1987\" data-end=\"2043\"><p data-start=\"1989\" data-end=\"2043\">Ki\u015fiye \u00f6zel \u00fcretilen veya ki\u015fiselle\u015ftirilmi\u015f \u00fcr\u00fcnler<\/p><\/li><li data-start=\"2044\" data-end=\"2093\"><p data-start=\"2046\" data-end=\"2093\">Hijyen sebebiyle iadesi uygun olmayan \u00fcr\u00fcnler<\/p><\/li><li data-start=\"2094\" data-end=\"2153\"><p data-start=\"2096\" data-end=\"2153\">Ambalaj\u0131 a\u00e7\u0131lm\u0131\u015f, kullan\u0131lm\u0131\u015f veya zarar g\u00f6rm\u00fc\u015f \u00fcr\u00fcnler<\/p><\/li><li data-start=\"2154\" data-end=\"2202\"><p data-start=\"2156\" data-end=\"2202\">Dijital \u00fcr\u00fcnler ve an\u0131nda ifa edilen hizmetler<\/p><\/li><\/ul><hr style=\"font-size: medium; white-space-collapse: collapse;\" data-start=\"2204\" data-end=\"2207\"><h2 style=\"color: #000000; font-style: normal; font-variant-ligatures: normal; font-variant-caps: normal; text-transform: none; white-space-collapse: collapse;\" data-start=\"2209\" data-end=\"2246\"><strong data-start=\"2212\" data-end=\"2246\">4. \u0130ade S\u00fcreci ve \u00dccret \u0130adesi<\/strong><\/h2><ul style=\"color: #000000; font-size: medium; font-style: normal; font-variant-ligatures: normal; font-variant-caps: normal; font-weight: 400; white-space-collapse: collapse;\" data-start=\"2248\" data-end=\"2604\"><li data-start=\"2248\" data-end=\"2329\"><p data-start=\"2250\" data-end=\"2329\">\u0130ade talebi onayland\u0131ktan sonra \u00fcr\u00fcn\u00fcn <strong data-start=\"2289\" data-end=\"2298\">7 g\u00fcn<\/strong> i\u00e7inde g\u00f6nderilmesi gerekir.<\/p><\/li><li data-start=\"2330\" data-end=\"2394\"><p data-start=\"2332\" data-end=\"2394\">\u0130ade edilen \u00fcr\u00fcn taraf\u0131m\u0131za ula\u015ft\u0131ktan sonra kontrol edilir.<\/p><\/li><li data-start=\"2395\" data-end=\"2511\"><p data-start=\"2397\" data-end=\"2511\">\u0130ade \u015fartlar\u0131na uygun \u00fcr\u00fcnlerde, \u00fccret iadesi <strong data-start=\"2443\" data-end=\"2460\">en ge\u00e7 14 g\u00fcn<\/strong> i\u00e7inde, \u00f6deme yap\u0131lan y\u00f6ntemle ger\u00e7ekle\u015ftirilir.<\/p><\/li><li data-start=\"2512\" data-end=\"2604\"><p data-start=\"2514\" data-end=\"2604\">Banka ve \u00f6deme kurulu\u015flar\u0131ndan kaynaklanan gecikmeler poficik.com sorumlulu\u011funda de\u011fildir.<\/p><\/li><\/ul><hr style=\"font-size: medium; white-space-collapse: collapse;\" data-start=\"2606\" data-end=\"2609\"><h2 style=\"color: #000000; font-style: normal; font-variant-ligatures: normal; font-variant-caps: normal; text-transform: none; white-space-collapse: collapse;\" data-start=\"2611\" data-end=\"2647\"><strong data-start=\"2614\" data-end=\"2647\">5. Ay\u0131pl\u0131 veya Hatal\u0131 \u00dcr\u00fcnler<\/strong><\/h2><p style=\"color: #000000; font-size: medium; font-style: normal; font-variant-ligatures: normal; font-variant-caps: normal; font-weight: 400; white-space-collapse: collapse;\" data-start=\"2648\" data-end=\"2883\">Teslim edilen \u00fcr\u00fcn\u00fcn ay\u0131pl\u0131, hasarl\u0131 veya yanl\u0131\u015f g\u00f6nderilmesi durumunda kullan\u0131c\u0131, \u00fcr\u00fcn\u00fc teslim ald\u0131\u011f\u0131 tarihten itibaren <strong data-start=\"2769\" data-end=\"2779\">14 g\u00fcn<\/strong> i\u00e7erisinde bizimle ileti\u015fime ge\u00e7melidir. Bu durumda kargo masraflar\u0131 poficik.com taraf\u0131ndan kar\u015f\u0131lan\u0131r.<\/p><hr style=\"font-size: medium; white-space-collapse: collapse;\" data-start=\"2885\" data-end=\"2888\"><h2 style=\"color: #000000; font-style: normal; font-variant-ligatures: normal; font-variant-caps: normal; text-transform: none; white-space-collapse: collapse;\" data-start=\"2890\" data-end=\"2915\"><strong data-start=\"2893\" data-end=\"2915\">6. Kargo Hasarlar\u0131<\/strong><\/h2><p style=\"color: #000000; font-size: medium; font-style: normal; font-variant-ligatures: normal; font-variant-caps: normal; font-weight: 400; white-space-collapse: collapse;\" data-start=\"2916\" data-end=\"3135\">Kargo teslimi s\u0131ras\u0131nda paketin hasarl\u0131 oldu\u011fu tespit edilirse, kargo g\u00f6revlisine <strong data-start=\"2998\" data-end=\"3023\">hasar tespit tutana\u011f\u0131<\/strong> tutturulmal\u0131 ve \u00fcr\u00fcn teslim al\u0131nmamal\u0131d\u0131r. Tutanak tutulmayan hasarl\u0131 g\u00f6nderiler i\u00e7in sorumluluk kabul edilmez.<\/p><hr style=\"font-size: medium; white-space-collapse: collapse;\" data-start=\"3137\" data-end=\"3140\"><h2 style=\"color: #000000; font-style: normal; font-variant-ligatures: normal; font-variant-caps: normal; text-transform: none; white-space-collapse: collapse;\" data-start=\"3142\" data-end=\"3160\"><strong data-start=\"3145\" data-end=\"3160\">7. \u0130leti\u015fim<\/strong><\/h2><p style=\"color: #000000; font-size: medium; font-style: normal; font-variant-ligatures: normal; font-variant-caps: normal; font-weight: 400; white-space-collapse: collapse;\" data-start=\"3161\" data-end=\"3227\">Teslimat ve iade s\u00fcre\u00e7leriyle ilgili her t\u00fcrl\u00fc soru ve talep i\u00e7in:<\/p><p style=\"color: #000000; font-size: medium; font-style: normal; font-variant-ligatures: normal; font-variant-caps: normal; font-weight: 400; white-space-collapse: collapse;\" data-start=\"3229\" data-end=\"3299\"><strong data-start=\"3229\" data-end=\"3241\">E-posta:<\/strong> <a class=\"decorated-link cursor-pointer\" rel=\"noopener\" data-start=\"3242\" data-end=\"3262\">iletisim@poficik.com<\/a><br data-start=\"3262\" data-end=\"3265\"><strong data-start=\"3265\" data-end=\"3273\">Web:<\/strong> <a class=\"decorated-link\" href=\"https:\/\/www.poficik.com\" target=\"_new\" rel=\"noopener\" data-start=\"3274\" data-end=\"3297\">https:\/\/www.poficik.com<\/a><\/p>\n\t\t\t\t\t<\/div>\n\t\t\t\t\t\t<\/div>\n\t\t\t\t<\/div>\n\t\t\t\t\t<\/div>\n\t\t\t\t<\/div>\n\t\t\t\t<\/div>\n\t\t","protected":false},"excerpt":{"rendered":"<p>TESL\u0130MAT VE \u0130ADE POL\u0130T\u0130KASI 1. Teslimat Ko\u015fullar\u0131 1.1. Sipari\u015f Haz\u0131rlama S\u00fcresi poficik.com \u00fczerinden verilen sipari\u015fler, \u00f6deme onay\u0131n\u0131n ard\u0131ndan 1\u20133 i\u015f<\/p>\n","protected":false},"author":1,"featured_media":0,"parent":0,"menu_order":0,"comment_status":"closed","ping_status":"closed","template":"","meta":{"footnotes":""},"class_list":["post-23600","page","type-page","status-publish","hentry"],"_links":{"self":[{"href":"http:\/\/www.poficik.com\/index.php\/wp-json\/wp\/v2\/pages\/23600","targetHints":{"allow":["GET"]}}],"collection":[{"href":"http:\/\/www.poficik.com\/index.php\/wp-json\/wp\/v2\/pages"}],"about":[{"href":"http:\/\/www.poficik.com\/index.php\/wp-json\/wp\/v2\/types\/page"}],"author":[{"embeddable":true,"href":"http:\/\/www.poficik.com\/index.php\/wp-json\/wp\/v2\/users\/1"}],"replies":[{"embeddable":true,"href":"http:\/\/www.poficik.com\/index.php\/wp-json\/wp\/v2\/comments?post=23600"}],"version-history":[{"count":4,"href":"http:\/\/www.poficik.com\/index.php\/wp-json\/wp\/v2\/pages\/23600\/revisions"}],"predecessor-version":[{"id":23604,"href":"http:\/\/www.poficik.com\/index.php\/wp-json\/wp\/v2\/pages\/23600\/revisions\/23604"}],"wp:attachment":[{"href":"http:\/\/www.poficik.com\/index.php\/wp-json\/wp\/v2\/media?parent=23600"}],"curies":[{"name":"wp","href":"https:\/\/api.w.org\/{rel}","templated":true}]}}